{"id":217,"date":"2020-05-12T03:43:03","date_gmt":"2020-05-12T03:43:03","guid":{"rendered":"http:\/\/grelibre.fr\/?page_id=217"},"modified":"2021-09-26T22:26:18","modified_gmt":"2021-09-26T20:26:18","slug":"home","status":"publish","type":"page","link":"https:\/\/grelibre.fr\/","title":{"rendered":"Home"},"content":{"rendered":"\n<div class=\"wp-block-cover alignfull has-background-dim has-background-gradient\" style=\"min-height:800px\"><span aria-hidden=\"true\" class=\"wp-block-cover__gradient-background\" style=\"background:linear-gradient(100deg,rgb(21,50,67) 0%,rgb(26,108,122) 100%)\"><\/span><img loading=\"lazy\" width=\"2560\" height=\"1440\" class=\"wp-block-cover__image-background wp-image-587\" alt=\"\" src=\"http:\/\/grelibre.fr\/wp-content\/uploads\/2021\/05\/20210101_145929-scaled.jpg\" data-object-fit=\"cover\" srcset=\"https:\/\/grelibre.fr\/wp-content\/uploads\/2021\/05\/20210101_145929-scaled.jpg 2560w, https:\/\/grelibre.fr\/wp-content\/uploads\/2021\/05\/20210101_145929-300x169.jpg 300w, https:\/\/grelibre.fr\/wp-content\/uploads\/2021\/05\/20210101_145929-1024x576.jpg 1024w, https:\/\/grelibre.fr\/wp-content\/uploads\/2021\/05\/20210101_145929-768x432.jpg 768w, https:\/\/grelibre.fr\/wp-content\/uploads\/2021\/05\/20210101_145929-1536x864.jpg 1536w, https:\/\/grelibre.fr\/wp-content\/uploads\/2021\/05\/20210101_145929-2048x1152.jpg 2048w\" sizes=\"(max-width: 2560px) 100vw, 2560px\" \/><div class=\"wp-block-cover__inner-container\">\n<h1 class=\"has-text-align-center has-white-color has-text-color\">Blogs<\/h1>\n\n\n\n<h2 class=\"has-text-align-center\">Un pot-pourri de sujets par Wim Burmeister<\/h2>\n\n\n\n<div class=\"wp-block-buttons is-content-justification-center\"><\/div>\n<\/div><\/div>\n\n\n\n<div class=\"wp-block-group alignfull has-white-background-color has-background\"><div class=\"wp-block-group__inner-container\">\n<div class=\"wp-block-columns are-vertically-aligned-center\">\n<div class=\"wp-block-column is-vertically-aligned-center\">\n<div class=\"wp-block-cover has-background-dim\"><img loading=\"lazy\" width=\"1080\" height=\"1440\" class=\"wp-block-cover__image-background wp-image-566\" alt=\"\" src=\"http:\/\/grelibre.fr\/wp-content\/uploads\/2021\/05\/detail_automne.jpg\" data-object-fit=\"cover\" srcset=\"https:\/\/grelibre.fr\/wp-content\/uploads\/2021\/05\/detail_automne.jpg 1080w, https:\/\/grelibre.fr\/wp-content\/uploads\/2021\/05\/detail_automne-225x300.jpg 225w, https:\/\/grelibre.fr\/wp-content\/uploads\/2021\/05\/detail_automne-768x1024.jpg 768w\" sizes=\"(max-width: 1080px) 100vw, 1080px\" \/><div class=\"wp-block-cover__inner-container\">\n<h1 class=\"has-text-align-center has-white-color has-text-color\"><a href=\"http:\/\/grelibre.fr\/?page_id=568\">V\u00e9g\u00e9talisation de fa\u00e7ade avec la vigne vierge<\/a><\/h1>\n<\/div><\/div>\n<\/div>\n\n\n\n<div class=\"wp-block-column is-vertically-aligned-center\">\n<div class=\"wp-block-cover has-background-dim\"><img loading=\"lazy\" width=\"1024\" height=\"576\" class=\"wp-block-cover__image-background wp-image-677\" alt=\"\" src=\"http:\/\/grelibre.fr\/wp-content\/uploads\/2021\/09\/petit20210904_095435resize-1.jpg\" data-object-fit=\"cover\" srcset=\"https:\/\/grelibre.fr\/wp-content\/uploads\/2021\/09\/petit20210904_095435resize-1.jpg 1024w, https:\/\/grelibre.fr\/wp-content\/uploads\/2021\/09\/petit20210904_095435resize-1-300x169.jpg 300w, https:\/\/grelibre.fr\/wp-content\/uploads\/2021\/09\/petit20210904_095435resize-1-768x432.jpg 768w\" sizes=\"(max-width: 1024px) 100vw, 1024px\" \/><div class=\"wp-block-cover__inner-container\">\n<h1 class=\"has-text-align-center\"><a href=\"http:\/\/grelibre.fr\/?p=614\">Semestre sabbatique \u00e0 W\u00fcrzburg<\/a><\/h1>\n<\/div><\/div>\n<\/div>\n<\/div>\n\n\n\n<p><\/p>\n<\/div><\/div>\n\n\n\n<div class=\"wp-block-group\"><div class=\"wp-block-group__inner-container\">\n<div class=\"wp-block-columns\">\n<div class=\"wp-block-column\">\n<div class=\"wp-block-cover has-background-dim\"><img loading=\"lazy\" width=\"1622\" height=\"1216\" class=\"wp-block-cover__image-background wp-image-675\" alt=\"\" src=\"http:\/\/grelibre.fr\/wp-content\/uploads\/2021\/09\/20190623_171357.jpg\" data-object-fit=\"cover\" srcset=\"https:\/\/grelibre.fr\/wp-content\/uploads\/2021\/09\/20190623_171357.jpg 1622w, https:\/\/grelibre.fr\/wp-content\/uploads\/2021\/09\/20190623_171357-300x225.jpg 300w, https:\/\/grelibre.fr\/wp-content\/uploads\/2021\/09\/20190623_171357-1024x768.jpg 1024w, https:\/\/grelibre.fr\/wp-content\/uploads\/2021\/09\/20190623_171357-768x576.jpg 768w, https:\/\/grelibre.fr\/wp-content\/uploads\/2021\/09\/20190623_171357-1536x1152.jpg 1536w\" sizes=\"(max-width: 1622px) 100vw, 1622px\" \/><div class=\"wp-block-cover__inner-container\">\n<h1 class=\"has-text-align-center\"><a href=\"http:\/\/grelibre.fr\/?p=1\" data-type=\"URL\" data-id=\"http:\/\/grelibre.fr\/?p=1\">Grenoble<\/a><\/h1>\n<\/div><\/div>\n<\/div>\n\n\n\n<div class=\"wp-block-column\">\n<div class=\"wp-block-cover has-background-dim\"><img loading=\"lazy\" width=\"2560\" height=\"1922\" class=\"wp-block-cover__image-background wp-image-676\" alt=\"\" src=\"http:\/\/grelibre.fr\/wp-content\/uploads\/2021\/09\/P1040922-scaled.jpg\" data-object-fit=\"cover\" srcset=\"https:\/\/grelibre.fr\/wp-content\/uploads\/2021\/09\/P1040922-scaled.jpg 2560w, https:\/\/grelibre.fr\/wp-content\/uploads\/2021\/09\/P1040922-300x225.jpg 300w, https:\/\/grelibre.fr\/wp-content\/uploads\/2021\/09\/P1040922-1024x769.jpg 1024w, https:\/\/grelibre.fr\/wp-content\/uploads\/2021\/09\/P1040922-768x577.jpg 768w, https:\/\/grelibre.fr\/wp-content\/uploads\/2021\/09\/P1040922-1536x1153.jpg 1536w, https:\/\/grelibre.fr\/wp-content\/uploads\/2021\/09\/P1040922-2048x1538.jpg 2048w\" sizes=\"(max-width: 2560px) 100vw, 2560px\" \/><div class=\"wp-block-cover__inner-container\">\n<h1 class=\"has-text-align-center\"><a href=\"http:\/\/grelibre.fr\/?p=718\">Voie verte \u00ab\u00a0Mainradweg\u00a0\u00bb<\/a><\/h1>\n<\/div><\/div>\n<\/div>\n<\/div>\n<\/div><\/div>\n","protected":false},"excerpt":{"rendered":"","protected":false},"author":1,"featured_media":0,"parent":0,"menu_order":0,"comment_status":"closed","ping_status":"closed","template":"","meta":[],"_links":{"self":[{"href":"https:\/\/grelibre.fr\/index.php?rest_route=\/wp\/v2\/pages\/217"}],"collection":[{"href":"https:\/\/grelibre.fr\/index.php?rest_route=\/wp\/v2\/pages"}],"about":[{"href":"https:\/\/grelibre.fr\/index.php?rest_route=\/wp\/v2\/types\/page"}],"author":[{"embeddable":true,"href":"https:\/\/grelibre.fr\/index.php?rest_route=\/wp\/v2\/users\/1"}],"replies":[{"embeddable":true,"href":"https:\/\/grelibre.fr\/index.php?rest_route=%2Fwp%2Fv2%2Fcomments&post=217"}],"version-history":[{"count":27,"href":"https:\/\/grelibre.fr\/index.php?rest_route=\/wp\/v2\/pages\/217\/revisions"}],"predecessor-version":[{"id":744,"href":"https:\/\/grelibre.fr\/index.php?rest_route=\/wp\/v2\/pages\/217\/revisions\/744"}],"wp:attachment":[{"href":"https:\/\/grelibre.fr\/index.php?rest_route=%2Fwp%2Fv2%2Fmedia&parent=217"}],"curies":[{"name":"wp","href":"https:\/\/api.w.org\/{rel}","templated":true}]}}