{"id":568,"date":"2021-05-16T19:30:32","date_gmt":"2021-05-16T17:30:32","guid":{"rendered":"http:\/\/grelibre.fr\/?page_id=568"},"modified":"2021-09-26T21:06:16","modified_gmt":"2021-09-26T19:06:16","slug":"la-vigne-vierge-parthenocissus-tricuspidata-a-quelques-proprietes-tres-appreciees-elle-rafraichit-la-facade-en-ete-ce-qui-est-tres-important-avec-lorientation-plein-ouest-de-lafa","status":"publish","type":"page","link":"https:\/\/grelibre.fr\/?page_id=568","title":{"rendered":""},"content":{"rendered":"\n<h1>La vigne vierge<\/h1>\n\n\n\n<p>La vigne vierge <em>(Parthenocissus tricuspidata<\/em>) a quelques propri\u00e9t\u00e9s tr\u00e8s appr\u00e9ci\u00e9es :<br>\u2022 Elle rafra\u00eechit la fa\u00e7ade en \u00e9t\u00e9 ce qui peut \u00eatre tr\u00e8s important en fonction de l&rsquo;orientation. La baisse de la temp\u00e9rature de la fa\u00e7ade peut aller jusqu\u2019\u00e0 30 \u00b0C pour la surface du mur et jusqu\u2019\u00e0 10 \u00b0C pour la temp\u00e9rature de l\u2019air derri\u00e8re les feuilles de la vigne <a href=\"https:\/\/www.sbse.org\/sites\/sbse\/files\/attachments\/scholarships\/Sandifer.pdf\">(Sandifer et Givoni, 2002)<\/a>, ce qui repr\u00e9sente une performance impressionnante pendant les<br>canicules.<br>\u2022 Elle capte \u00e9galement des poussi\u00e8res et r\u00e9duit ainsi l\u2019exposition aux poussi\u00e8res fines.<br>\u2022 Pendant sa floraison en juillet \u2013 ao\u00fbt, la vigne vierge est tr\u00e8s fr\u00e9quent\u00e9e par les abeilles.<br>\u2022 Ses vrilles se collent uniquement sur la fa\u00e7ade, mais la vigne vierge ne peut pas p\u00e9n\u00e9trer dans la fa\u00e7ade ou l\u2019ab\u00eemer.<br>Je donne ici quelques liens :<br><a href=\"https:\/\/www.futura-sciences.com\/maison\/questions-reponses\/jardin-vigne-vierge-developpe-t-ellemur-384\/\">https:\/\/www.futura-sciences.com\/maison\/questions-reponses\/jardin-vigne-vierge-developpe-t-ellemur-384\/<\/a><br><a href=\"https:\/\/paris18.eelv.fr\/un-pas-vers-la-vegetalisation-des-murs-dhabitation\/\">https:\/\/paris18.eelv.fr\/un-pas-vers-la-vegetalisation-des-murs-dhabitation\/<\/a><br><a href=\"https:\/\/www.youtube.com\/watch?v=kG5FtrwkEF4\">https:\/\/www.youtube.com\/watch?v=kG5FtrwkEF4<\/a><br><a href=\"https:\/\/fr.wikipedia.org\/wiki\/Parthenocissus_tricuspidata\">https:\/\/fr.wikipedia.org\/wiki\/Parthenocissus_tricuspidata<\/a><br><a href=\"https:\/\/docplayer.fr\/15334906-Impact-de-la-vegetation-grimpante-sur-le-confort-hygrothermiqueestival-\ndu-batiment.html\">https:\/\/docplayer.fr\/15334906-Impact-de-la-vegetation-grimpante-sur-le-confort-hygrothermiqueestival-du-batiment.html<\/a><br>*<a href=\"https:\/\/www.sbse.org\/sites\/sbse\/files\/attachments\/scholarships\/Sandifer.pdf\">https:\/\/www.sbse.org\/sites\/sbse\/files\/attachments\/scholarships\/Sandifer.pdf<\/a><br><\/p>\n\n\n\n<figure class=\"wp-block-image size-large\"><img loading=\"lazy\" width=\"1024\" height=\"683\" src=\"http:\/\/grelibre.fr\/wp-content\/uploads\/2021\/05\/vue_globale-1024x683.jpg\" alt=\"\" class=\"wp-image-565\" srcset=\"https:\/\/grelibre.fr\/wp-content\/uploads\/2021\/05\/vue_globale-1024x683.jpg 1024w, https:\/\/grelibre.fr\/wp-content\/uploads\/2021\/05\/vue_globale-300x200.jpg 300w, https:\/\/grelibre.fr\/wp-content\/uploads\/2021\/05\/vue_globale-768x512.jpg 768w, https:\/\/grelibre.fr\/wp-content\/uploads\/2021\/05\/vue_globale.jpg 1080w\" sizes=\"(max-width: 1024px) 100vw, 1024px\" \/><\/figure>\n\n\n\n<p><\/p>\n","protected":false},"excerpt":{"rendered":"<p>La vigne vierge La vigne vierge (Parthenocissus tricuspidata) a quelques propri\u00e9t\u00e9s tr\u00e8s appr\u00e9ci\u00e9es :\u2022 Elle rafra\u00eechit la fa\u00e7ade en \u00e9t\u00e9 ce qui peut \u00eatre tr\u00e8s important en fonction de l&rsquo;orientation. La baisse de la temp\u00e9rature de la fa\u00e7ade peut aller jusqu\u2019\u00e0 30 \u00b0C pour la surface du mur et jusqu\u2019\u00e0 10 \u00b0C pour la temp\u00e9rature &hellip;<\/p>\n<p class=\"read-more\"> <a class=\"\" href=\"https:\/\/grelibre.fr\/?page_id=568\">  Lire la suite\u00a0\u00bb<\/a><\/p>\n","protected":false},"author":1,"featured_media":0,"parent":217,"menu_order":1,"comment_status":"closed","ping_status":"closed","template":"","meta":[],"_links":{"self":[{"href":"https:\/\/grelibre.fr\/index.php?rest_route=\/wp\/v2\/pages\/568"}],"collection":[{"href":"https:\/\/grelibre.fr\/index.php?rest_route=\/wp\/v2\/pages"}],"about":[{"href":"https:\/\/grelibre.fr\/index.php?rest_route=\/wp\/v2\/types\/page"}],"author":[{"embeddable":true,"href":"https:\/\/grelibre.fr\/index.php?rest_route=\/wp\/v2\/users\/1"}],"replies":[{"embeddable":true,"href":"https:\/\/grelibre.fr\/index.php?rest_route=%2Fwp%2Fv2%2Fcomments&post=568"}],"version-history":[{"count":7,"href":"https:\/\/grelibre.fr\/index.php?rest_route=\/wp\/v2\/pages\/568\/revisions"}],"predecessor-version":[{"id":616,"href":"https:\/\/grelibre.fr\/index.php?rest_route=\/wp\/v2\/pages\/568\/revisions\/616"}],"up":[{"embeddable":true,"href":"https:\/\/grelibre.fr\/index.php?rest_route=\/wp\/v2\/pages\/217"}],"wp:attachment":[{"href":"https:\/\/grelibre.fr\/index.php?rest_route=%2Fwp%2Fv2%2Fmedia&parent=568"}],"curies":[{"name":"wp","href":"https:\/\/api.w.org\/{rel}","templated":true}]}}